{"id":164,"date":"2016-02-08T15:24:52","date_gmt":"2016-02-08T15:24:52","guid":{"rendered":"http:\/\/eglise.lamottesaintmartin.fr\/?page_id=164"},"modified":"2025-08-26T20:00:50","modified_gmt":"2025-08-26T19:00:50","slug":"assemblee-generale-2","status":"publish","type":"page","link":"https:\/\/eglise.lamottesaintmartin.fr\/?page_id=164","title":{"rendered":"Assembl\u00e9e g\u00e9n\u00e9rale"},"content":{"rendered":"<h5 lang=\"de-DE\" align=\"left\">COMPTES RENDUS ASSEMBL\u00c9E G\u00c9N\u00c9RALE :<\/h5>\n<p lang=\"de-DE\" align=\"left\">Le compte-rendu de notre assembl\u00e9e g\u00e9n\u00e9rale du 1er ao\u00fbt 2025 est disponible <a href=\"https:\/\/eglise.lamottesaintmartin.fr\/wp-content\/uploads\/2025\/08\/CR-AG-2024-du-01-AOUT-2025.pdf\">ICI<\/a><\/p>\n<p lang=\"de-DE\" align=\"left\">Le compte-rendu de notre assembl\u00e9e g\u00e9n\u00e9rale du 17 septembre 2022 est disponible <a href=\"https:\/\/eglise.lamottesaintmartin.fr\/wp-content\/uploads\/2022\/09\/COMPTE-RENDU-AG-DU-17-09-2022-doc-.pdf\" target=\"_blank\" rel=\"noopener\">ICI<\/a><\/p>\n<p lang=\"de-DE\" align=\"left\">Le compte-rendu de notre assembl\u00e9e g\u00e9n\u00e9rale du 28 juin 2021 (\u00e0 venir)<\/p>\n<p lang=\"de-DE\" align=\"left\">Le compte-rendu de notre assembl\u00e9e g\u00e9n\u00e9rale du 2020 (\u00e0 venir)<\/p>\n<p lang=\"de-DE\" align=\"left\">Le compte-rendu de notre assembl\u00e9e g\u00e9n\u00e9rale du 02 mars 2019 est disponible <a href=\"https:\/\/eglise.lamottesaintmartin.fr\/wp-content\/uploads\/2020\/03\/CR-AG-EGLISE-02-03-19.pdf\" target=\"_blank\" rel=\"noopener noreferrer\">ICI<\/a><\/p>\n\n","protected":false},"excerpt":{"rendered":"<p>COMPTES RENDUS ASSEMBL\u00c9E G\u00c9N\u00c9RALE : Le compte-rendu de notre assembl\u00e9e g\u00e9n\u00e9rale du 1er ao\u00fbt 2025 est disponible ICI Le compte-rendu de notre assembl\u00e9e g\u00e9n\u00e9rale du 17 septembre 2022 est disponible ICI Le compte-rendu de notre assembl\u00e9e g\u00e9n\u00e9rale du 28 juin&hellip; <\/p>\n","protected":false},"author":1,"featured_media":0,"parent":0,"menu_order":0,"comment_status":"closed","ping_status":"closed","template":"","meta":{"footnotes":""},"class_list":["post-164","page","type-page","status-publish","hentry"],"_links":{"self":[{"href":"https:\/\/eglise.lamottesaintmartin.fr\/index.php?rest_route=\/wp\/v2\/pages\/164","targetHints":{"allow":["GET"]}}],"collection":[{"href":"https:\/\/eglise.lamottesaintmartin.fr\/index.php?rest_route=\/wp\/v2\/pages"}],"about":[{"href":"https:\/\/eglise.lamottesaintmartin.fr\/index.php?rest_route=\/wp\/v2\/types\/page"}],"author":[{"embeddable":true,"href":"https:\/\/eglise.lamottesaintmartin.fr\/index.php?rest_route=\/wp\/v2\/users\/1"}],"replies":[{"embeddable":true,"href":"https:\/\/eglise.lamottesaintmartin.fr\/index.php?rest_route=%2Fwp%2Fv2%2Fcomments&post=164"}],"version-history":[{"count":26,"href":"https:\/\/eglise.lamottesaintmartin.fr\/index.php?rest_route=\/wp\/v2\/pages\/164\/revisions"}],"predecessor-version":[{"id":787,"href":"https:\/\/eglise.lamottesaintmartin.fr\/index.php?rest_route=\/wp\/v2\/pages\/164\/revisions\/787"}],"wp:attachment":[{"href":"https:\/\/eglise.lamottesaintmartin.fr\/index.php?rest_route=%2Fwp%2Fv2%2Fmedia&parent=164"}],"curies":[{"name":"wp","href":"https:\/\/api.w.org\/{rel}","templated":true}]}}