{"id":2,"date":"2015-06-28T16:14:19","date_gmt":"2015-06-28T16:14:19","guid":{"rendered":"http:\/\/eglise.lamottesaintmartin.fr\/?page_id=2"},"modified":"2022-09-26T20:39:09","modified_gmt":"2022-09-26T19:39:09","slug":"accueil","status":"publish","type":"page","link":"https:\/\/eglise.lamottesaintmartin.fr\/","title":{"rendered":"Accueil"},"content":{"rendered":"\n<h5 style=\"text-align: center;\"><strong>Bienvenue sur le site internet de l&rsquo;association<br \/>\u00ab\u00a0Sauvegarde de l&rsquo;\u00e9glise de La Motte-Saint-Martin\u00a0\u00bb<\/strong><\/h5>\n<p><a href=\"https:\/\/eglise.lamottesaintmartin.fr\/wp-content\/uploads\/2021\/10\/IMG_20211025_113634.jpg\"><img loading=\"lazy\" decoding=\"async\" class=\"aligncenter wp-image-717 size-large\" src=\"https:\/\/eglise.lamottesaintmartin.fr\/wp-content\/uploads\/2021\/10\/IMG_20211025_113634-1024x271.jpg\" alt=\"\" width=\"700\" height=\"185\" srcset=\"https:\/\/eglise.lamottesaintmartin.fr\/wp-content\/uploads\/2021\/10\/IMG_20211025_113634-1024x271.jpg 1024w, https:\/\/eglise.lamottesaintmartin.fr\/wp-content\/uploads\/2021\/10\/IMG_20211025_113634-300x79.jpg 300w, https:\/\/eglise.lamottesaintmartin.fr\/wp-content\/uploads\/2021\/10\/IMG_20211025_113634-768x203.jpg 768w, https:\/\/eglise.lamottesaintmartin.fr\/wp-content\/uploads\/2021\/10\/IMG_20211025_113634-1536x406.jpg 1536w, https:\/\/eglise.lamottesaintmartin.fr\/wp-content\/uploads\/2021\/10\/IMG_20211025_113634.jpg 2016w\" sizes=\"auto, (max-width: 700px) 100vw, 700px\" \/><\/a><\/p>\n<p>Cette association cr\u00e9\u00e9e en 2014 a pour vocation la r\u00e9novation et la sauvegarde de l&rsquo;\u00e9glise de la commune de La Motte-Saint-Martin.<\/p>\n<p>Au travers de ce site vous pourrez d\u00e9couvrir l&rsquo;\u00e9volution des travaux et les moyens mis en \u0153uvre pour y parvenir.<\/p>\n<p>Journ\u00e9e du patrimoine 2021, nous y \u00e9tions !!! Plus d&rsquo;infos <a href=\"https:\/\/eglise.lamottesaintmartin.fr\/?page_id=73\" target=\"_blank\" rel=\"noopener\">ICI<\/a><\/p>\n<div id=\"attachment_708\" style=\"width: 235px\" class=\"wp-caption aligncenter\"><a href=\"https:\/\/eglise.lamottesaintmartin.fr\/wp-content\/uploads\/2021\/10\/PHOTO-1.jpg\"><img loading=\"lazy\" decoding=\"async\" aria-describedby=\"caption-attachment-708\" class=\"size-medium wp-image-708\" src=\"https:\/\/eglise.lamottesaintmartin.fr\/wp-content\/uploads\/2021\/10\/PHOTO-1-225x300.jpg\" alt=\"\" width=\"225\" height=\"300\" srcset=\"https:\/\/eglise.lamottesaintmartin.fr\/wp-content\/uploads\/2021\/10\/PHOTO-1-225x300.jpg 225w, https:\/\/eglise.lamottesaintmartin.fr\/wp-content\/uploads\/2021\/10\/PHOTO-1-768x1024.jpg 768w, https:\/\/eglise.lamottesaintmartin.fr\/wp-content\/uploads\/2021\/10\/PHOTO-1-1152x1536.jpg 1152w, https:\/\/eglise.lamottesaintmartin.fr\/wp-content\/uploads\/2021\/10\/PHOTO-1.jpg 1497w\" sizes=\"auto, (max-width: 225px) 100vw, 225px\" \/><\/a><p id=\"caption-attachment-708\" class=\"wp-caption-text\">Int\u00e9rieur de l&rsquo;\u00e9glise r\u00e9nov\u00e9<\/p><\/div>\n<h4>ASSEMBL\u00c9E G\u00c9N\u00c9ERALE<\/h4>\n<p>La derni\u00e8re assembl\u00e9e g\u00e9n\u00e9rale de l&rsquo;association a eu lieu le samedi 17 septembre 2022 \u00e0 10h00.<\/p>\n<p>Vous trouverez le compte-rendu en cliquant sur ce <a href=\"https:\/\/eglise.lamottesaintmartin.fr\/wp-content\/uploads\/2022\/09\/COMPTE-RENDU-AG-DU-17-09-2022-doc-.pdf\" target=\"_blank\" rel=\"noopener\">lien<\/a>.<\/p>\n<p>\u00a0<\/p>\n","protected":false},"excerpt":{"rendered":"<p>Bienvenue sur le site internet de l&rsquo;association\u00ab\u00a0Sauvegarde de l&rsquo;\u00e9glise de La Motte-Saint-Martin\u00a0\u00bb Cette association cr\u00e9\u00e9e en 2014 a pour vocation la r\u00e9novation et la sauvegarde de l&rsquo;\u00e9glise de la commune de La Motte-Saint-Martin. Au travers de ce site vous pourrez&hellip; <\/p>\n","protected":false},"author":1,"featured_media":0,"parent":0,"menu_order":0,"comment_status":"closed","ping_status":"closed","template":"","meta":{"footnotes":""},"class_list":["post-2","page","type-page","status-publish","hentry"],"_links":{"self":[{"href":"https:\/\/eglise.lamottesaintmartin.fr\/index.php?rest_route=\/wp\/v2\/pages\/2","targetHints":{"allow":["GET"]}}],"collection":[{"href":"https:\/\/eglise.lamottesaintmartin.fr\/index.php?rest_route=\/wp\/v2\/pages"}],"about":[{"href":"https:\/\/eglise.lamottesaintmartin.fr\/index.php?rest_route=\/wp\/v2\/types\/page"}],"author":[{"embeddable":true,"href":"https:\/\/eglise.lamottesaintmartin.fr\/index.php?rest_route=\/wp\/v2\/users\/1"}],"replies":[{"embeddable":true,"href":"https:\/\/eglise.lamottesaintmartin.fr\/index.php?rest_route=%2Fwp%2Fv2%2Fcomments&post=2"}],"version-history":[{"count":125,"href":"https:\/\/eglise.lamottesaintmartin.fr\/index.php?rest_route=\/wp\/v2\/pages\/2\/revisions"}],"predecessor-version":[{"id":764,"href":"https:\/\/eglise.lamottesaintmartin.fr\/index.php?rest_route=\/wp\/v2\/pages\/2\/revisions\/764"}],"wp:attachment":[{"href":"https:\/\/eglise.lamottesaintmartin.fr\/index.php?rest_route=%2Fwp%2Fv2%2Fmedia&parent=2"}],"curies":[{"name":"wp","href":"https:\/\/api.w.org\/{rel}","templated":true}]}}