{"id":24,"date":"2015-06-29T10:51:41","date_gmt":"2015-06-29T10:51:41","guid":{"rendered":"http:\/\/eglise.lamottesaintmartin.fr\/?page_id=24"},"modified":"2022-09-26T20:47:12","modified_gmt":"2022-09-26T19:47:12","slug":"quelques-cliches-de-linterieur-de-leglise","status":"publish","type":"page","link":"https:\/\/eglise.lamottesaintmartin.fr\/?page_id=24","title":{"rendered":"L\u2019int\u00e9rieur de l\u2019\u00e9glise"},"content":{"rendered":"\n\t\t<style type=\"text\/css\">\n\t\t\t#gallery-1 {\n\t\t\t\tmargin: auto;\n\t\t\t}\n\t\t\t#gallery-1 .gallery-item {\n\t\t\t\tfloat: left;\n\t\t\t\tmargin-top: 10px;\n\t\t\t\ttext-align: center;\n\t\t\t\twidth: 25%;\n\t\t\t}\n\t\t\t#gallery-1 img {\n\t\t\t\tborder: 2px solid #cfcfcf;\n\t\t\t}\n\t\t\t#gallery-1 .gallery-caption {\n\t\t\t\tmargin-left: 0;\n\t\t\t}\n\t\t\t\/* see gallery_shortcode() in wp-includes\/media.php *\/\n\t\t<\/style>\n\t\t<div id='gallery-1' class='gallery galleryid-24 gallery-columns-4 gallery-size-thumbnail'><dl class='gallery-item'>\n\t\t\t<dt class='gallery-icon portrait'>\n\t\t\t\t<a href='https:\/\/eglise.lamottesaintmartin.fr\/wp-content\/uploads\/2015\/06\/escalier-reduit.jpg'><img loading=\"lazy\" decoding=\"async\" width=\"150\" height=\"150\" src=\"https:\/\/eglise.lamottesaintmartin.fr\/wp-content\/uploads\/2015\/06\/escalier-reduit-150x150.jpg\" class=\"attachment-thumbnail size-thumbnail\" alt=\"\" srcset=\"https:\/\/eglise.lamottesaintmartin.fr\/wp-content\/uploads\/2015\/06\/escalier-reduit-150x150.jpg 150w, https:\/\/eglise.lamottesaintmartin.fr\/wp-content\/uploads\/2015\/06\/escalier-reduit-230x230.jpg 230w\" sizes=\"auto, (max-width: 150px) 100vw, 150px\" \/><\/a>\n\t\t\t<\/dt><\/dl><dl class='gallery-item'>\n\t\t\t<dt class='gallery-icon landscape'>\n\t\t\t\t<a href='https:\/\/eglise.lamottesaintmartin.fr\/wp-content\/uploads\/2015\/06\/drriere-lautel1.jpg'><img loading=\"lazy\" decoding=\"async\" width=\"150\" height=\"150\" src=\"https:\/\/eglise.lamottesaintmartin.fr\/wp-content\/uploads\/2015\/06\/drriere-lautel1-150x150.jpg\" class=\"attachment-thumbnail size-thumbnail\" alt=\"\" srcset=\"https:\/\/eglise.lamottesaintmartin.fr\/wp-content\/uploads\/2015\/06\/drriere-lautel1-150x150.jpg 150w, https:\/\/eglise.lamottesaintmartin.fr\/wp-content\/uploads\/2015\/06\/drriere-lautel1-230x230.jpg 230w\" sizes=\"auto, (max-width: 150px) 100vw, 150px\" \/><\/a>\n\t\t\t<\/dt><\/dl><dl class='gallery-item'>\n\t\t\t<dt class='gallery-icon portrait'>\n\t\t\t\t<a href='https:\/\/eglise.lamottesaintmartin.fr\/wp-content\/uploads\/2015\/06\/interieur-eglise.jpg'><img loading=\"lazy\" decoding=\"async\" width=\"150\" height=\"150\" src=\"https:\/\/eglise.lamottesaintmartin.fr\/wp-content\/uploads\/2015\/06\/interieur-eglise-150x150.jpg\" class=\"attachment-thumbnail size-thumbnail\" alt=\"\" srcset=\"https:\/\/eglise.lamottesaintmartin.fr\/wp-content\/uploads\/2015\/06\/interieur-eglise-150x150.jpg 150w, https:\/\/eglise.lamottesaintmartin.fr\/wp-content\/uploads\/2015\/06\/interieur-eglise-230x230.jpg 230w\" sizes=\"auto, (max-width: 150px) 100vw, 150px\" \/><\/a>\n\t\t\t<\/dt><\/dl><dl class='gallery-item'>\n\t\t\t<dt class='gallery-icon landscape'>\n\t\t\t\t<a href='https:\/\/eglise.lamottesaintmartin.fr\/wp-content\/uploads\/2015\/06\/vitraux-eglise-lamottesaintmartin-01.jpg'><img loading=\"lazy\" decoding=\"async\" width=\"150\" height=\"150\" src=\"https:\/\/eglise.lamottesaintmartin.fr\/wp-content\/uploads\/2015\/06\/vitraux-eglise-lamottesaintmartin-01-150x150.jpg\" class=\"attachment-thumbnail size-thumbnail\" alt=\"\" srcset=\"https:\/\/eglise.lamottesaintmartin.fr\/wp-content\/uploads\/2015\/06\/vitraux-eglise-lamottesaintmartin-01-150x150.jpg 150w, https:\/\/eglise.lamottesaintmartin.fr\/wp-content\/uploads\/2015\/06\/vitraux-eglise-lamottesaintmartin-01-230x230.jpg 230w\" sizes=\"auto, (max-width: 150px) 100vw, 150px\" \/><\/a>\n\t\t\t<\/dt><\/dl><br style=\"clear: both\" \/>\n\t\t<\/div>\n\n<p style=\"text-align: center;\">C&rsquo;est l&rsquo;humidit\u00e9 qui est responsable de ces d\u00e9gradations, il convient donc d&rsquo;enlever le cr\u00e9pi et d\u2019ass\u00e9cher le mur avec un produit sp\u00e9cial.<br \/>\nBient\u00f4t tout cela ne sera qu&rsquo;un mauvais souvenir !<\/p>\n<h5>R\u00e9novation des vitraux de l&rsquo;\u00e9glise :<\/h5>\n\n\t\t<style type=\"text\/css\">\n\t\t\t#gallery-2 {\n\t\t\t\tmargin: auto;\n\t\t\t}\n\t\t\t#gallery-2 .gallery-item {\n\t\t\t\tfloat: left;\n\t\t\t\tmargin-top: 10px;\n\t\t\t\ttext-align: center;\n\t\t\t\twidth: 33%;\n\t\t\t}\n\t\t\t#gallery-2 img {\n\t\t\t\tborder: 2px solid #cfcfcf;\n\t\t\t}\n\t\t\t#gallery-2 .gallery-caption {\n\t\t\t\tmargin-left: 0;\n\t\t\t}\n\t\t\t\/* see gallery_shortcode() in wp-includes\/media.php *\/\n\t\t<\/style>\n\t\t<div id='gallery-2' class='gallery galleryid-24 gallery-columns-3 gallery-size-thumbnail'><dl class='gallery-item'>\n\t\t\t<dt class='gallery-icon portrait'>\n\t\t\t\t<a href='https:\/\/eglise.lamottesaintmartin.fr\/wp-content\/uploads\/2015\/09\/P1130376.jpg'><img loading=\"lazy\" decoding=\"async\" width=\"150\" height=\"150\" src=\"https:\/\/eglise.lamottesaintmartin.fr\/wp-content\/uploads\/2015\/09\/P1130376-150x150.jpg\" class=\"attachment-thumbnail size-thumbnail\" alt=\"\" srcset=\"https:\/\/eglise.lamottesaintmartin.fr\/wp-content\/uploads\/2015\/09\/P1130376-150x150.jpg 150w, https:\/\/eglise.lamottesaintmartin.fr\/wp-content\/uploads\/2015\/09\/P1130376-230x230.jpg 230w\" sizes=\"auto, (max-width: 150px) 100vw, 150px\" \/><\/a>\n\t\t\t<\/dt><\/dl><dl class='gallery-item'>\n\t\t\t<dt class='gallery-icon portrait'>\n\t\t\t\t<a href='https:\/\/eglise.lamottesaintmartin.fr\/wp-content\/uploads\/2015\/09\/P1130421.jpg'><img loading=\"lazy\" decoding=\"async\" width=\"150\" height=\"150\" src=\"https:\/\/eglise.lamottesaintmartin.fr\/wp-content\/uploads\/2015\/09\/P1130421-150x150.jpg\" class=\"attachment-thumbnail size-thumbnail\" alt=\"\" srcset=\"https:\/\/eglise.lamottesaintmartin.fr\/wp-content\/uploads\/2015\/09\/P1130421-150x150.jpg 150w, https:\/\/eglise.lamottesaintmartin.fr\/wp-content\/uploads\/2015\/09\/P1130421-230x230.jpg 230w\" sizes=\"auto, (max-width: 150px) 100vw, 150px\" \/><\/a>\n\t\t\t<\/dt><\/dl><dl class='gallery-item'>\n\t\t\t<dt class='gallery-icon landscape'>\n\t\t\t\t<a href='https:\/\/eglise.lamottesaintmartin.fr\/wp-content\/uploads\/2015\/09\/P1130416.jpg'><img loading=\"lazy\" decoding=\"async\" width=\"150\" height=\"150\" src=\"https:\/\/eglise.lamottesaintmartin.fr\/wp-content\/uploads\/2015\/09\/P1130416-150x150.jpg\" class=\"attachment-thumbnail size-thumbnail\" alt=\"\" srcset=\"https:\/\/eglise.lamottesaintmartin.fr\/wp-content\/uploads\/2015\/09\/P1130416-150x150.jpg 150w, https:\/\/eglise.lamottesaintmartin.fr\/wp-content\/uploads\/2015\/09\/P1130416-230x230.jpg 230w\" sizes=\"auto, (max-width: 150px) 100vw, 150px\" \/><\/a>\n\t\t\t<\/dt><\/dl><br style=\"clear: both\" \/><dl class='gallery-item'>\n\t\t\t<dt class='gallery-icon landscape'>\n\t\t\t\t<a href='https:\/\/eglise.lamottesaintmartin.fr\/wp-content\/uploads\/2015\/09\/P1130386.jpg'><img loading=\"lazy\" decoding=\"async\" width=\"150\" height=\"150\" src=\"https:\/\/eglise.lamottesaintmartin.fr\/wp-content\/uploads\/2015\/09\/P1130386-150x150.jpg\" class=\"attachment-thumbnail size-thumbnail\" alt=\"\" aria-describedby=\"gallery-2-84\" srcset=\"https:\/\/eglise.lamottesaintmartin.fr\/wp-content\/uploads\/2015\/09\/P1130386-150x150.jpg 150w, https:\/\/eglise.lamottesaintmartin.fr\/wp-content\/uploads\/2015\/09\/P1130386-230x230.jpg 230w\" sizes=\"auto, (max-width: 150px) 100vw, 150px\" \/><\/a>\n\t\t\t<\/dt>\n\t\t\t\t<dd class='wp-caption-text gallery-caption' id='gallery-2-84'>\n\t\t\t\tUne artiste en plein travail!\n\t\t\t\t<\/dd><\/dl><dl class='gallery-item'>\n\t\t\t<dt class='gallery-icon landscape'>\n\t\t\t\t<a href='https:\/\/eglise.lamottesaintmartin.fr\/wp-content\/uploads\/2015\/09\/lentreprise-Monfollet.jpg'><img loading=\"lazy\" decoding=\"async\" width=\"150\" height=\"150\" src=\"https:\/\/eglise.lamottesaintmartin.fr\/wp-content\/uploads\/2015\/09\/lentreprise-Monfollet-150x150.jpg\" class=\"attachment-thumbnail size-thumbnail\" alt=\"\" srcset=\"https:\/\/eglise.lamottesaintmartin.fr\/wp-content\/uploads\/2015\/09\/lentreprise-Monfollet-150x150.jpg 150w, https:\/\/eglise.lamottesaintmartin.fr\/wp-content\/uploads\/2015\/09\/lentreprise-Monfollet-230x230.jpg 230w\" sizes=\"auto, (max-width: 150px) 100vw, 150px\" \/><\/a>\n\t\t\t<\/dt><\/dl>\n\t\t\t<br style='clear: both' \/>\n\t\t<\/div>\n\n<h4 style=\"text-align: center;\"><\/h4>\n<p style=\"text-align: left;\">\n","protected":false},"excerpt":{"rendered":"<p>C&rsquo;est l&rsquo;humidit\u00e9 qui est responsable de ces d\u00e9gradations, il convient donc d&rsquo;enlever le cr\u00e9pi et d\u2019ass\u00e9cher le mur avec un produit sp\u00e9cial. Bient\u00f4t tout cela ne sera qu&rsquo;un mauvais souvenir ! R\u00e9novation des vitraux de l&rsquo;\u00e9glise :<\/p>\n","protected":false},"author":1,"featured_media":0,"parent":0,"menu_order":0,"comment_status":"closed","ping_status":"closed","template":"","meta":{"footnotes":""},"class_list":["post-24","page","type-page","status-publish","hentry"],"_links":{"self":[{"href":"https:\/\/eglise.lamottesaintmartin.fr\/index.php?rest_route=\/wp\/v2\/pages\/24","targetHints":{"allow":["GET"]}}],"collection":[{"href":"https:\/\/eglise.lamottesaintmartin.fr\/index.php?rest_route=\/wp\/v2\/pages"}],"about":[{"href":"https:\/\/eglise.lamottesaintmartin.fr\/index.php?rest_route=\/wp\/v2\/types\/page"}],"author":[{"embeddable":true,"href":"https:\/\/eglise.lamottesaintmartin.fr\/index.php?rest_route=\/wp\/v2\/users\/1"}],"replies":[{"embeddable":true,"href":"https:\/\/eglise.lamottesaintmartin.fr\/index.php?rest_route=%2Fwp%2Fv2%2Fcomments&post=24"}],"version-history":[{"count":40,"href":"https:\/\/eglise.lamottesaintmartin.fr\/index.php?rest_route=\/wp\/v2\/pages\/24\/revisions"}],"predecessor-version":[{"id":773,"href":"https:\/\/eglise.lamottesaintmartin.fr\/index.php?rest_route=\/wp\/v2\/pages\/24\/revisions\/773"}],"wp:attachment":[{"href":"https:\/\/eglise.lamottesaintmartin.fr\/index.php?rest_route=%2Fwp%2Fv2%2Fmedia&parent=24"}],"curies":[{"name":"wp","href":"https:\/\/api.w.org\/{rel}","templated":true}]}}