{"id":594,"date":"2020-03-19T17:38:52","date_gmt":"2020-03-19T16:38:52","guid":{"rendered":"https:\/\/eglise.lamottesaintmartin.fr\/?page_id=594"},"modified":"2022-09-26T20:41:52","modified_gmt":"2022-09-26T19:41:52","slug":"a-propos-de-notre-association","status":"publish","type":"page","link":"https:\/\/eglise.lamottesaintmartin.fr\/?page_id=594","title":{"rendered":"A Propos de notre association"},"content":{"rendered":"\n<h2>Pr\u00e9sentation :<\/h2>\n<p>L\u2019association a pour but de sauver l\u2019\u00c9glise de La Motte Saint Martin.<\/p>\n<p>Pour cela, des travaux d\u2019entretien \u00e0 l\u2019int\u00e9rieur de l\u2019\u00e9glise sont n\u00e9cessaires, en compl\u00e9ment de l\u2019entretien ext\u00e9rieur assur\u00e9 par la commune.<\/p>\n<p>L\u2019association organise des activit\u00e9s et des actions pour rassembler les moyens n\u00e9cessaires aux travaux.<\/p>\n<p>L\u2019association organise ainsi en particulier :<\/p>\n<ul>\n<li>des randonn\u00e9es p\u00e9destres,<\/li>\n<li>la vente de brioches,<\/li>\n<li>des concerts,<\/li>\n<li>des actions pour solliciter des subventions aupr\u00e8s des associations, congr\u00e9gations, entreprises, organismes m\u00e9c\u00e8nes, \u2026<\/li>\n<\/ul>\n<h2>Historique :<\/h2>\n<p>L\u2019association a \u00e9t\u00e9 cr\u00e9\u00e9e en juin 2014.<\/p>\n<p>Bureau actuel :<\/p>\n<ul>\n<li>Pr\u00e9sidente d&rsquo;Honneur : Marie-Claire Robert<\/li>\n<li>Pr\u00e9sidente : Marie-Claire Menudier<\/li>\n<li>Tr\u00e9sorier : Philippe Vouilloz<\/li>\n<li>Tr\u00e9sorier adjoint : Raymond Mangani<\/li>\n<li>Secr\u00e9taire : Evelyne Mangani<\/li>\n<li>Secr\u00e9taire adjointe : Fran\u00e7oise Kowal<\/li>\n<\/ul>\n<h2>Contact :<\/h2>\n<p>Vous pouvez nous contacter en suivant\u00a0<a href=\"https:\/\/eglise.lamottesaintmartin.fr\/?page_id=655\" target=\"_blank\" rel=\"noopener\">ce lien<\/a>.<\/p>\n<h2>Adh\u00e9sion :<\/h2>\n<p>La cotisation annuelle est de :<\/p>\n<ul>\n<li>15 \u20ac \/ personne<\/li>\n<li>25 \u20ac \/ couple<\/li>\n<\/ul>\n<p>Vous pouvez adh\u00e9rer \u00e0 l&rsquo;association en suivant <a href=\"https:\/\/eglise.lamottesaintmartin.fr\/?page_id=659\" target=\"_blank\" rel=\"noopener\">ce lien<\/a>.<\/p>\n","protected":false},"excerpt":{"rendered":"<p>Pr\u00e9sentation : L\u2019association a pour but de sauver l\u2019\u00c9glise de La Motte Saint Martin. Pour cela, des travaux d\u2019entretien \u00e0 l\u2019int\u00e9rieur de l\u2019\u00e9glise sont n\u00e9cessaires, en compl\u00e9ment de l\u2019entretien ext\u00e9rieur assur\u00e9 par la commune. L\u2019association organise des activit\u00e9s et des&hellip; <\/p>\n","protected":false},"author":4,"featured_media":0,"parent":0,"menu_order":0,"comment_status":"closed","ping_status":"closed","template":"","meta":{"footnotes":""},"class_list":["post-594","page","type-page","status-publish","hentry"],"_links":{"self":[{"href":"https:\/\/eglise.lamottesaintmartin.fr\/index.php?rest_route=\/wp\/v2\/pages\/594","targetHints":{"allow":["GET"]}}],"collection":[{"href":"https:\/\/eglise.lamottesaintmartin.fr\/index.php?rest_route=\/wp\/v2\/pages"}],"about":[{"href":"https:\/\/eglise.lamottesaintmartin.fr\/index.php?rest_route=\/wp\/v2\/types\/page"}],"author":[{"embeddable":true,"href":"https:\/\/eglise.lamottesaintmartin.fr\/index.php?rest_route=\/wp\/v2\/users\/4"}],"replies":[{"embeddable":true,"href":"https:\/\/eglise.lamottesaintmartin.fr\/index.php?rest_route=%2Fwp%2Fv2%2Fcomments&post=594"}],"version-history":[{"count":9,"href":"https:\/\/eglise.lamottesaintmartin.fr\/index.php?rest_route=\/wp\/v2\/pages\/594\/revisions"}],"predecessor-version":[{"id":767,"href":"https:\/\/eglise.lamottesaintmartin.fr\/index.php?rest_route=\/wp\/v2\/pages\/594\/revisions\/767"}],"wp:attachment":[{"href":"https:\/\/eglise.lamottesaintmartin.fr\/index.php?rest_route=%2Fwp%2Fv2%2Fmedia&parent=594"}],"curies":[{"name":"wp","href":"https:\/\/api.w.org\/{rel}","templated":true}]}}