{"id":633,"date":"2021-02-06T21:31:17","date_gmt":"2021-02-06T20:31:17","guid":{"rendered":"https:\/\/eglise.lamottesaintmartin.fr\/?page_id=633"},"modified":"2022-09-26T20:59:15","modified_gmt":"2022-09-26T19:59:15","slug":"travaux-en-cours-2","status":"publish","type":"page","link":"https:\/\/eglise.lamottesaintmartin.fr\/?page_id=633","title":{"rendered":"Travaux en cours"},"content":{"rendered":"\n<h5>2022 &#8211;\u00a0Finition de l\u2018escalier conduisant \u00e0 la tribune :<\/h5>\n<p>La r\u00e9novation de l&rsquo;escalier conduisant \u00e0 la tribune \u00e0 commenc\u00e9 fin 2019. Puis, la Covid s&rsquo;est install\u00e9e et \u00e0 tout chamboul\u00e9.<\/p>\n<p>Les membres se l&rsquo;association souhaite terminer ce chantier aussi rapidement que possible.\u00a0Si vous souhaitez nous apporter votre aide, n&rsquo;h\u00e9sitez pas, tous les volontaires sont les bienvenus !<\/p>\n<h5>PROJETS :<\/h5>\n<ul>\n<li>Le prochain gros chantier de l&rsquo;association sera le chauffage de l&rsquo;\u00e9difice, il est envisag\u00e9 de nous diriger vers un chauffage \u00e9lectrique (radiants), une \u00e9tude plus affin\u00e9e est en cours afin de trouver la meilleure solution.<\/li>\n<li>Il est n\u00e9cessaire de changer un ou deux bancs et de faire installer un nouveau vitrail dans la nef gauche.<\/li>\n<\/ul>\n","protected":false},"excerpt":{"rendered":"<p>2022 &#8211;\u00a0Finition de l\u2018escalier conduisant \u00e0 la tribune : La r\u00e9novation de l&rsquo;escalier conduisant \u00e0 la tribune \u00e0 commenc\u00e9 fin 2019. Puis, la Covid s&rsquo;est install\u00e9e et \u00e0 tout chamboul\u00e9. Les membres se l&rsquo;association souhaite terminer ce chantier aussi rapidement&hellip; <\/p>\n","protected":false},"author":4,"featured_media":0,"parent":0,"menu_order":0,"comment_status":"closed","ping_status":"closed","template":"","meta":{"footnotes":""},"class_list":["post-633","page","type-page","status-publish","hentry"],"_links":{"self":[{"href":"https:\/\/eglise.lamottesaintmartin.fr\/index.php?rest_route=\/wp\/v2\/pages\/633","targetHints":{"allow":["GET"]}}],"collection":[{"href":"https:\/\/eglise.lamottesaintmartin.fr\/index.php?rest_route=\/wp\/v2\/pages"}],"about":[{"href":"https:\/\/eglise.lamottesaintmartin.fr\/index.php?rest_route=\/wp\/v2\/types\/page"}],"author":[{"embeddable":true,"href":"https:\/\/eglise.lamottesaintmartin.fr\/index.php?rest_route=\/wp\/v2\/users\/4"}],"replies":[{"embeddable":true,"href":"https:\/\/eglise.lamottesaintmartin.fr\/index.php?rest_route=%2Fwp%2Fv2%2Fcomments&post=633"}],"version-history":[{"count":8,"href":"https:\/\/eglise.lamottesaintmartin.fr\/index.php?rest_route=\/wp\/v2\/pages\/633\/revisions"}],"predecessor-version":[{"id":782,"href":"https:\/\/eglise.lamottesaintmartin.fr\/index.php?rest_route=\/wp\/v2\/pages\/633\/revisions\/782"}],"wp:attachment":[{"href":"https:\/\/eglise.lamottesaintmartin.fr\/index.php?rest_route=%2Fwp%2Fv2%2Fmedia&parent=633"}],"curies":[{"name":"wp","href":"https:\/\/api.w.org\/{rel}","templated":true}]}}