{"id":652,"date":"2021-02-06T21:53:50","date_gmt":"2021-02-06T20:53:50","guid":{"rendered":"https:\/\/eglise.lamottesaintmartin.fr\/?page_id=652"},"modified":"2021-10-26T20:13:36","modified_gmt":"2021-10-26T19:13:36","slug":"contactez-nous","status":"publish","type":"page","link":"https:\/\/eglise.lamottesaintmartin.fr\/?page_id=652","title":{"rendered":"Contactez-nous"},"content":{"rendered":"\n<p>L&rsquo;\u00e9glise fait partie de notre patrimoine, elle appartient \u00e0 tous les habitants de La Motte-Saint-Martin.<\/p>\n<p>De nombreux travaux restent \u00e0 faire afin de lui rendre son \u00e2me d&rsquo;antan.<\/p>\n<p>N\u2019h\u00e9sitez pas \u00e0 nous rejoindre dans cette merveilleuse aventure, ou \u00e0 nous apporter vos suggestions ou demandes.<\/p>\n","protected":false},"excerpt":{"rendered":"<p>L&rsquo;\u00e9glise fait partie de notre patrimoine, elle appartient \u00e0 tous les habitants de La Motte-Saint-Martin. De nombreux travaux restent \u00e0 faire afin de lui rendre son \u00e2me d&rsquo;antan. N\u2019h\u00e9sitez pas \u00e0 nous rejoindre dans cette merveilleuse aventure, ou \u00e0 nous&hellip; <\/p>\n","protected":false},"author":4,"featured_media":0,"parent":0,"menu_order":0,"comment_status":"closed","ping_status":"closed","template":"","meta":{"footnotes":""},"class_list":["post-652","page","type-page","status-publish","hentry"],"_links":{"self":[{"href":"https:\/\/eglise.lamottesaintmartin.fr\/index.php?rest_route=\/wp\/v2\/pages\/652","targetHints":{"allow":["GET"]}}],"collection":[{"href":"https:\/\/eglise.lamottesaintmartin.fr\/index.php?rest_route=\/wp\/v2\/pages"}],"about":[{"href":"https:\/\/eglise.lamottesaintmartin.fr\/index.php?rest_route=\/wp\/v2\/types\/page"}],"author":[{"embeddable":true,"href":"https:\/\/eglise.lamottesaintmartin.fr\/index.php?rest_route=\/wp\/v2\/users\/4"}],"replies":[{"embeddable":true,"href":"https:\/\/eglise.lamottesaintmartin.fr\/index.php?rest_route=%2Fwp%2Fv2%2Fcomments&post=652"}],"version-history":[{"count":2,"href":"https:\/\/eglise.lamottesaintmartin.fr\/index.php?rest_route=\/wp\/v2\/pages\/652\/revisions"}],"predecessor-version":[{"id":749,"href":"https:\/\/eglise.lamottesaintmartin.fr\/index.php?rest_route=\/wp\/v2\/pages\/652\/revisions\/749"}],"wp:attachment":[{"href":"https:\/\/eglise.lamottesaintmartin.fr\/index.php?rest_route=%2Fwp%2Fv2%2Fmedia&parent=652"}],"curies":[{"name":"wp","href":"https:\/\/api.w.org\/{rel}","templated":true}]}}