{"id":662,"date":"2021-02-06T22:11:51","date_gmt":"2021-02-06T21:11:51","guid":{"rendered":"https:\/\/eglise.lamottesaintmartin.fr\/?page_id=662"},"modified":"2021-10-26T20:14:20","modified_gmt":"2021-10-26T19:14:20","slug":"hommages","status":"publish","type":"page","link":"https:\/\/eglise.lamottesaintmartin.fr\/?page_id=662","title":{"rendered":"Hommages"},"content":{"rendered":"\n<p>G\u00e9rard nous a quitt\u00e9, il \u00e9tait notre ami.<\/p>\n<p>G\u00e9rard Robert habitait \u00e0 La Motte-Saint-Martin depuis plus de 45 ans. Il a \u00e9t\u00e9 Maire de 2008 \u00e0 2010 et \u00e9tait premier adjoint depuis 2014. Il \u00e9tait \u00e9galement membre de notre association o\u00f9 il \u00e9tait tr\u00e8s impliqu\u00e9.<\/p>\n<p>Durant toutes ces ann\u00e9es, nous avons appr\u00e9ci\u00e9 sa disponibilit\u00e9, son implication, son r\u00f4le moteur et ses id\u00e9es pour am\u00e9liorer la vie quotidienne dans notre village, pour le maintien de notre \u00e9cole, pour la sauvegarde de notre \u00e9glise et pour bien d\u2019autres sujets. Nous lui devons beaucoup.<\/p>\n<p>Appr\u00e9ci\u00e9 de tous, G\u00e9rard c\u2019\u00e9tait aussi la g\u00e9n\u00e9rosit\u00e9, l\u2019extr\u00eame gentillesse et le vivre ensemble. Avec son d\u00e9part, La Motte Saint Martin perd un peu de son \u00e2me.<\/p>\n<p>Nous exprimons nos plus sinc\u00e8res condol\u00e9ances \u00e0 son \u00e9pouse Marie Claire, \u00e0 ses enfants et petits enfants, \u00e0 toute sa famille et nous associons \u00e0 leur douleur.<\/p>\n<p>Le Maire de La Motte-Saint-Martin, Franck Gonnord, au nom de l\u2019ensemble du conseil municipal, du personnel communal, des membres de l\u2019association de sauvegarde de l\u2019\u00e9glise et des habitants du village.<\/p>\n<p><a href=\"https:\/\/eglise.lamottesaintmartin.fr\/wp-content\/uploads\/2021\/10\/IMG_20211025_113614.jpg\"><img loading=\"lazy\" decoding=\"async\" class=\"aligncenter wp-image-738 size-medium\" src=\"https:\/\/eglise.lamottesaintmartin.fr\/wp-content\/uploads\/2021\/10\/IMG_20211025_113614-300x225.jpg\" alt=\"\" width=\"300\" height=\"225\" srcset=\"https:\/\/eglise.lamottesaintmartin.fr\/wp-content\/uploads\/2021\/10\/IMG_20211025_113614-300x225.jpg 300w, https:\/\/eglise.lamottesaintmartin.fr\/wp-content\/uploads\/2021\/10\/IMG_20211025_113614-1024x768.jpg 1024w, https:\/\/eglise.lamottesaintmartin.fr\/wp-content\/uploads\/2021\/10\/IMG_20211025_113614-768x576.jpg 768w, https:\/\/eglise.lamottesaintmartin.fr\/wp-content\/uploads\/2021\/10\/IMG_20211025_113614-1536x1152.jpg 1536w, https:\/\/eglise.lamottesaintmartin.fr\/wp-content\/uploads\/2021\/10\/IMG_20211025_113614.jpg 2000w\" sizes=\"auto, (max-width: 300px) 100vw, 300px\" \/><\/a><\/p>\n<h4>Remerciements :<\/h4>\n<p>Notre ami Jacques BOUTEILLON nous a quitt\u00e9s ce 15 Juillet 2019, il \u00e9tait tr\u00e9sorier de l\u2019association \u00ab Sauvegarde de l\u2019Eglise de La Motte-Saint-Martin \u00bb depuis sa cr\u00e9ation en 2014.<br \/>Merci Jacques, pour le travail accompli.<\/p>\n","protected":false},"excerpt":{"rendered":"<p>G\u00e9rard nous a quitt\u00e9, il \u00e9tait notre ami. G\u00e9rard Robert habitait \u00e0 La Motte-Saint-Martin depuis plus de 45 ans. Il a \u00e9t\u00e9 Maire de 2008 \u00e0 2010 et \u00e9tait premier adjoint depuis 2014. Il \u00e9tait \u00e9galement membre de notre association&hellip; <\/p>\n","protected":false},"author":4,"featured_media":0,"parent":0,"menu_order":0,"comment_status":"closed","ping_status":"closed","template":"","meta":{"footnotes":""},"class_list":["post-662","page","type-page","status-publish","hentry"],"_links":{"self":[{"href":"https:\/\/eglise.lamottesaintmartin.fr\/index.php?rest_route=\/wp\/v2\/pages\/662","targetHints":{"allow":["GET"]}}],"collection":[{"href":"https:\/\/eglise.lamottesaintmartin.fr\/index.php?rest_route=\/wp\/v2\/pages"}],"about":[{"href":"https:\/\/eglise.lamottesaintmartin.fr\/index.php?rest_route=\/wp\/v2\/types\/page"}],"author":[{"embeddable":true,"href":"https:\/\/eglise.lamottesaintmartin.fr\/index.php?rest_route=\/wp\/v2\/users\/4"}],"replies":[{"embeddable":true,"href":"https:\/\/eglise.lamottesaintmartin.fr\/index.php?rest_route=%2Fwp%2Fv2%2Fcomments&post=662"}],"version-history":[{"count":4,"href":"https:\/\/eglise.lamottesaintmartin.fr\/index.php?rest_route=\/wp\/v2\/pages\/662\/revisions"}],"predecessor-version":[{"id":750,"href":"https:\/\/eglise.lamottesaintmartin.fr\/index.php?rest_route=\/wp\/v2\/pages\/662\/revisions\/750"}],"wp:attachment":[{"href":"https:\/\/eglise.lamottesaintmartin.fr\/index.php?rest_route=%2Fwp%2Fv2%2Fmedia&parent=662"}],"curies":[{"name":"wp","href":"https:\/\/api.w.org\/{rel}","templated":true}]}}